{"id":282,"date":"2026-03-03T15:09:08","date_gmt":"2026-03-03T15:09:08","guid":{"rendered":"https:\/\/bender-jobs.de\/?page_id=282"},"modified":"2026-04-07T12:44:36","modified_gmt":"2026-04-07T12:44:36","slug":"282-2","status":"publish","type":"page","link":"https:\/\/bgl-jobs.de\/?page_id=282","title":{"rendered":"Impressum"},"content":{"rendered":"\n<div class=\"wp-block-group alignwide has-global-padding is-layout-constrained wp-block-group-is-layout-constrained\">\n<div style=\"height:120px\" aria-hidden=\"true\" class=\"wp-block-spacer\"><\/div>\n\n\n\n<h2 class=\"wp-block-heading alignwide has-text-align-center has-custom-mittelblau-color has-text-color has-link-color wp-elements-9f0af9294390ef83ac2d36101e9f87ff\">Impressum<\/h2>\n\n\n\n<div style=\"height:56px\" aria-hidden=\"true\" class=\"wp-block-spacer\"><\/div>\n\n\n\n<p class=\"has-text-align-center has-custom-mittelblau-color has-text-color has-link-color wp-elements-dac5e9d481f5550a5abdcc024cd6701f\">Markus Gra\u00dfmann<br>Maximilianstra\u00dfe 24<br>DE-83471 Berchtesgaden<\/p>\n\n\n\n<div style=\"height:63px\" aria-hidden=\"true\" class=\"wp-block-spacer\"><\/div>\n\n\n\n<p class=\"has-text-align-center has-custom-mittelblau-color has-text-color has-link-color wp-elements-aac1c960003ae62d25e921d5a3bc46bb\"><strong>Kontaktm\u00f6glichkeiten<\/strong><br>Tel: <a href=\"tel:+49(0)8651717329\" data-type=\"tel\" data-id=\"tel:+49(0)8651717329\">+49 (0)8651 \/ 717329<\/a><br><a href=\"mailto:info@bender-jobs.de\"><a href=\"https:\/\/plesk.itslk.de\/smb\/email-address\/edit\/id\/24\/domainId\/30\">info@bgl-jobs.de<\/a><\/a><\/p>\n\n\n\n<div style=\"height:63px\" aria-hidden=\"true\" class=\"wp-block-spacer\"><\/div>\n\n\n\n<div style=\"height:120px\" aria-hidden=\"true\" class=\"wp-block-spacer\"><\/div>\n<\/div>\n","protected":false},"excerpt":{"rendered":"<p>Impressum Markus Gra\u00dfmannMaximilianstra\u00dfe 24DE-83471 Berchtesgaden Kontaktm\u00f6glichkeitenTel: +49 (0)8651 \/ 717329info@bgl-jobs.de<\/p>\n","protected":false},"author":1,"featured_media":0,"parent":0,"menu_order":0,"comment_status":"closed","ping_status":"closed","template":"","meta":{"footnotes":""},"class_list":["post-282","page","type-page","status-publish","hentry"],"_links":{"self":[{"href":"https:\/\/bgl-jobs.de\/index.php?rest_route=\/wp\/v2\/pages\/282","targetHints":{"allow":["GET"]}}],"collection":[{"href":"https:\/\/bgl-jobs.de\/index.php?rest_route=\/wp\/v2\/pages"}],"about":[{"href":"https:\/\/bgl-jobs.de\/index.php?rest_route=\/wp\/v2\/types\/page"}],"author":[{"embeddable":true,"href":"https:\/\/bgl-jobs.de\/index.php?rest_route=\/wp\/v2\/users\/1"}],"replies":[{"embeddable":true,"href":"https:\/\/bgl-jobs.de\/index.php?rest_route=%2Fwp%2Fv2%2Fcomments&post=282"}],"version-history":[{"count":5,"href":"https:\/\/bgl-jobs.de\/index.php?rest_route=\/wp\/v2\/pages\/282\/revisions"}],"predecessor-version":[{"id":311,"href":"https:\/\/bgl-jobs.de\/index.php?rest_route=\/wp\/v2\/pages\/282\/revisions\/311"}],"wp:attachment":[{"href":"https:\/\/bgl-jobs.de\/index.php?rest_route=%2Fwp%2Fv2%2Fmedia&parent=282"}],"curies":[{"name":"wp","href":"https:\/\/api.w.org\/{rel}","templated":true}]}}