{"id":285,"date":"2026-03-03T15:10:35","date_gmt":"2026-03-03T15:10:35","guid":{"rendered":"https:\/\/bender-jobs.de\/?page_id=285"},"modified":"2026-04-07T12:43:55","modified_gmt":"2026-04-07T12:43:55","slug":"285-2","status":"publish","type":"page","link":"https:\/\/bgl-jobs.de\/?page_id=285","title":{"rendered":"Datenschutz"},"content":{"rendered":"\n<div style=\"height:100px\" aria-hidden=\"true\" class=\"wp-block-spacer\"><\/div>\n\n\n\n<h2 class=\"wp-block-heading has-custom-mittelblau-color has-text-color has-link-color wp-elements-5382deaaf7b4fd566dca522e17fff32b\">Datenschutzerkl\u00e4rung<\/h2>\n\n\n\n<div style=\"height:100px\" aria-hidden=\"true\" class=\"wp-block-spacer\"><\/div>\n\n\n\n<h2 class=\"wp-block-heading has-custom-mittelblau-color has-text-color has-link-color wp-elements-ac463ecd28024052736d683a6a1a693c\">1. Verantwortlicher<\/h2>\n\n\n\n<div style=\"height:20px\" aria-hidden=\"true\" class=\"wp-block-spacer\"><\/div>\n\n\n\n<p class=\"has-custom-mittelblau-color has-text-color has-link-color wp-elements-77db448f32a8f1bf4174adba36b206da\">Verantwortlich f\u00fcr die Datenverarbeitung auf dieser Website ist:<\/p>\n\n\n\n<div style=\"height:20px\" aria-hidden=\"true\" class=\"wp-block-spacer\"><\/div>\n\n\n\n<p class=\"has-custom-mittelblau-color has-text-color has-link-color wp-elements-293d1ee01f692e1fbc523f29ab5ee048\">Markus Gra\u00dfmann<br>Maximilianstra\u00dfe 24<br>DE-83471 Berchtesgaden<br>Deutschland<\/p>\n\n\n\n<p class=\"has-custom-mittelblau-color has-text-color has-link-color wp-elements-88de2c202a965481be272fe6762eff99\">Telefon: +49 (0)8651 \/ 717329<br>E-Mail:\u00a0<a href=\"mailto:info@bgl-jobs.de\" data-type=\"mailto\" data-id=\"mailto:info@bgl-jobs.de\">info@bgl-jobs.de<\/a><\/p>\n\n\n\n<div style=\"height:20px\" aria-hidden=\"true\" class=\"wp-block-spacer\"><\/div>\n\n\n\n<div style=\"height:100px\" aria-hidden=\"true\" class=\"wp-block-spacer\"><\/div>\n\n\n\n<h2 class=\"wp-block-heading has-custom-mittelblau-color has-text-color has-link-color wp-elements-02357566b2716ff4725f50c04511c526\">2. Allgemeine Hinweise zur Datenverarbeitung<\/h2>\n\n\n\n<div style=\"height:20px\" aria-hidden=\"true\" class=\"wp-block-spacer\"><\/div>\n\n\n\n<p class=\"has-custom-mittelblau-color has-text-color has-link-color wp-elements-ccb3e3acff2e4a35229ac3b59b851069\">Der Schutz Ihrer personenbezogenen Daten ist uns ein besonderes Anliegen. Wir verarbeiten Ihre personenbezogenen Datenausschlie\u00dflich im Einklang mit den gesetzlichen Bestimmungen der Datenschutz-Grundverordnung (DSGVO) und des Bundesdatenschutzgesetzes (BDSG).<\/p>\n\n\n\n<div style=\"height:20px\" aria-hidden=\"true\" class=\"wp-block-spacer\"><\/div>\n\n\n\n<p class=\"has-custom-mittelblau-color has-text-color has-link-color wp-elements-b7569191bc0d461392da9a53df13aa53\">Personenbezogene Daten sind alle Daten, mit denen Sie pers\u00f6nlich identifiziert werden k\u00f6nnen.<\/p>\n\n\n\n<div style=\"height:100px\" aria-hidden=\"true\" class=\"wp-block-spacer\"><\/div>\n\n\n\n<h2 class=\"wp-block-heading has-custom-mittelblau-color has-text-color has-link-color wp-elements-4d7eefec226761dc9aed44f4ab87ff9c\">3. Erhebung von Zugriffsdaten (Server-Logfiles)<\/h2>\n\n\n\n<div style=\"height:20px\" aria-hidden=\"true\" class=\"wp-block-spacer\"><\/div>\n\n\n\n<p class=\"has-custom-mittelblau-color has-text-color has-link-color wp-elements-68cbd89f804c7b523df5606a7848f634\">Beim Aufruf unserer Website werden automatisch Informationen durch den Hosting-Server erfasst und in sogenannten Server-Logfiles gespeichert.<\/p>\n\n\n\n<div style=\"height:20px\" aria-hidden=\"true\" class=\"wp-block-spacer\"><\/div>\n\n\n\n<p class=\"has-custom-mittelblau-color has-text-color has-link-color wp-elements-f03f5581a051f3a03691686a2426ac03\">Erfasst werden insbesondere:<\/p>\n\n\n\n<div style=\"height:20px\" aria-hidden=\"true\" class=\"wp-block-spacer\"><\/div>\n\n\n\n<ul class=\"wp-block-list has-custom-mittelblau-color has-text-color has-link-color wp-elements-e420d7adf157661e796baf98ed978bf7\">\n<li>IP-Adresse<\/li>\n\n\n\n<li>Datum und Uhrzeit des Zugriffs<\/li>\n\n\n\n<li>aufgerufene Seiten \/ Dateien<\/li>\n\n\n\n<li>\u00fcbertragene Datenmenge<\/li>\n\n\n\n<li>Browsertyp und Browserversion<\/li>\n\n\n\n<li>verwendetes Betriebssystem<\/li>\n\n\n\n<li>Referrer-URL<\/li>\n<\/ul>\n\n\n\n<div style=\"height:20px\" aria-hidden=\"true\" class=\"wp-block-spacer\"><\/div>\n\n\n\n<p class=\"has-custom-mittelblau-color has-text-color has-link-color wp-elements-3db17acf1ddb354b3f16eab7c2423958\">Diese Daten dienen ausschlie\u00dflich der technischen Bereitstellung, Stabilit\u00e4t und Sicherheit der Website.<\/p>\n\n\n\n<div style=\"height:20px\" aria-hidden=\"true\" class=\"wp-block-spacer\"><\/div>\n\n\n\n<p class=\"has-custom-mittelblau-color has-text-color has-link-color wp-elements-414633f14a18e069db01afbeab052cb2\">Rechtsgrundlage ist Art. 6 Abs. 1 lit. f DSGVO (berechtigtes Interesse an einer sicheren und fehlerfreien Bereitstellung der Website).<\/p>\n\n\n\n<div style=\"height:100px\" aria-hidden=\"true\" class=\"wp-block-spacer\"><\/div>\n\n\n\n<h2 class=\"wp-block-heading has-custom-mittelblau-color has-text-color has-link-color wp-elements-d8cc7834b7603ab27c6796f7beb4ecbf\">4. Hosting<\/h2>\n\n\n\n<div style=\"height:20px\" aria-hidden=\"true\" class=\"wp-block-spacer\"><\/div>\n\n\n\n<p class=\"has-custom-mittelblau-color has-text-color has-link-color wp-elements-bf23dda7f549b53cdc338d31d8e84caa\">Die Website wird bei einem externen IT-Dienstleister gehostet. Personenbezogene Daten, die auf dieser Website erfasst werden, werden auf den Servern dieses Dienstleisters gespeichert.<\/p>\n\n\n\n<div style=\"height:20px\" aria-hidden=\"true\" class=\"wp-block-spacer\"><\/div>\n\n\n\n<p class=\"has-custom-mittelblau-color has-text-color has-link-color wp-elements-3584215313878632410ed1c29d25216f\">Mit dem Hosting-Anbieter wurde ein Vertrag zur Auftragsverarbeitung gem\u00e4\u00df Art. 28 DSGVO abgeschlossen, um den datenschutzkonformen Umgang mit Ihren Daten sicherzustellen.<\/p>\n\n\n\n<div style=\"height:100px\" aria-hidden=\"true\" class=\"wp-block-spacer\"><\/div>\n\n\n\n<h2 class=\"wp-block-heading has-custom-mittelblau-color has-text-color has-link-color wp-elements-1a6e87a543bc90aa594ea44b4f7142d6\">5. Kontaktformular<\/h2>\n\n\n\n<div style=\"height:20px\" aria-hidden=\"true\" class=\"wp-block-spacer\"><\/div>\n\n\n\n<p class=\"has-custom-mittelblau-color has-text-color has-link-color wp-elements-c700b71d9b0b194cbedf64a3e0393041\">Wenn Sie uns \u00fcber das Kontaktformular Anfragen zukommen lassen, werden Ihre Angaben aus dem Formular (z. B. Name, E-Mail-Adresse, Nachricht) zwecks Bearbeitung der Anfrage sowie f\u00fcr m\u00f6gliche Anschlussfragen gespeichert.<\/p>\n\n\n\n<div style=\"height:20px\" aria-hidden=\"true\" class=\"wp-block-spacer\"><\/div>\n\n\n\n<p class=\"has-custom-mittelblau-color has-text-color has-link-color wp-elements-448787bd005e6669d99b61f0716b5b16\">Rechtsgrundlage ist Art. 6 Abs. 1 lit. b DSGVO (Verarbeitung zur Durchf\u00fchrung vorvertraglicher Ma\u00dfnahmen oder zur Vertragserf\u00fcllung) bzw. Art. 6 Abs. 1 lit. f DSGVO.<\/p>\n\n\n\n<div style=\"height:20px\" aria-hidden=\"true\" class=\"wp-block-spacer\"><\/div>\n\n\n\n<p class=\"has-custom-mittelblau-color has-text-color has-link-color wp-elements-0c8da06a1c2a9ea69d25bae4e6221e7f\">Die Daten werden gel\u00f6scht, sobald sie f\u00fcr den Zweck ihrer Erhebung nicht mehr erforderlich sind und keine gesetzlichen Aufbewahrungspflichten entgegenstehen.<\/p>\n\n\n\n<div style=\"height:100px\" aria-hidden=\"true\" class=\"wp-block-spacer\"><\/div>\n\n\n\n<h2 class=\"wp-block-heading has-custom-mittelblau-color has-text-color has-link-color wp-elements-a334b87433bef07e40d32c306cf9e8d4\">6. Bewerbungen \u00fcber die Website<\/h2>\n\n\n\n<div style=\"height:20px\" aria-hidden=\"true\" class=\"wp-block-spacer\"><\/div>\n\n\n\n<p class=\"has-custom-mittelblau-color has-text-color has-link-color wp-elements-5f90de816f3c3433c8942ab676a6800c\">Sofern Bewerbungen \u00fcber die Website eingereicht werden, verarbeiten wir die \u00fcbermittelten personenbezogenen Daten (z. B. Name, Kontaktdaten, Lebenslauf, Zeugnisse) ausschlie\u00dflich zum Zweck der Durchf\u00fchrung des Bewerbungsverfahrens.<\/p>\n\n\n\n<div style=\"height:20px\" aria-hidden=\"true\" class=\"wp-block-spacer\"><\/div>\n\n\n\n<p class=\"has-custom-mittelblau-color has-text-color has-link-color wp-elements-0b657f9ab4c544dc7d7ee2e5766bbd1b\">Rechtsgrundlage ist Art. 6 Abs. 1 lit. b DSGVO in Verbindung mit \u00a7 26 BDSG.<\/p>\n\n\n\n<div style=\"height:20px\" aria-hidden=\"true\" class=\"wp-block-spacer\"><\/div>\n\n\n\n<p class=\"has-custom-mittelblau-color has-text-color has-link-color wp-elements-de2e7c883597828d3876adc904adda6e\">Sofern kein Besch\u00e4ftigungsverh\u00e4ltnis zustande kommt, werden Bewerbungsunterlagen sp\u00e4testens sechs Monate nach Abschluss des Bewerbungsverfahrens gel\u00f6scht, sofern keine l\u00e4ngere Speicherung aufgrund berechtigter Interessen oder mit Ihrer Einwilligung erfolgt.<\/p>\n\n\n\n<div style=\"height:100px\" aria-hidden=\"true\" class=\"wp-block-spacer\"><\/div>\n\n\n\n<h2 class=\"wp-block-heading has-custom-mittelblau-color has-text-color has-link-color wp-elements-f826fc2d6dcef0fde507788adce7f34a\">7. Cookies<\/h2>\n\n\n\n<div style=\"height:20px\" aria-hidden=\"true\" class=\"wp-block-spacer\"><\/div>\n\n\n\n<p class=\"has-custom-mittelblau-color has-text-color has-link-color wp-elements-abe7523269d1fbaafe50c785fbeebb1e\">Unsere Website verwendet ausschlie\u00dflich technisch notwendige Cookies, die f\u00fcr den Betrieb der Website erforderlich sind.<\/p>\n\n\n\n<div style=\"height:20px\" aria-hidden=\"true\" class=\"wp-block-spacer\"><\/div>\n\n\n\n<p class=\"has-custom-mittelblau-color has-text-color has-link-color wp-elements-d89d9c2d63e22e41adc5bb165294f84d\">Es werden keine Tracking- oder Analyse-Cookies eingesetzt.<\/p>\n\n\n\n<div style=\"height:20px\" aria-hidden=\"true\" class=\"wp-block-spacer\"><\/div>\n\n\n\n<p class=\"has-custom-mittelblau-color has-text-color has-link-color wp-elements-c69a7d2ed4511fae9b3269ce948fe508\">Rechtsgrundlage ist Art. 6 Abs. 1 lit. f DSGVO.<\/p>\n\n\n\n<div style=\"height:100px\" aria-hidden=\"true\" class=\"wp-block-spacer\"><\/div>\n\n\n\n<h2 class=\"wp-block-heading has-custom-mittelblau-color has-text-color has-link-color wp-elements-43e0e4aee1e0936d901d8333d8ab3b7f\">8. Weitergabe von Daten<\/h2>\n\n\n\n<div style=\"height:20px\" aria-hidden=\"true\" class=\"wp-block-spacer\"><\/div>\n\n\n\n<p class=\"has-custom-mittelblau-color has-text-color has-link-color wp-elements-93c883ce7b3caeddffaa0146c9c15de5\">Eine Weitergabe Ihrer personenbezogenen Daten erfolgt nur, wenn:<\/p>\n\n\n\n<div style=\"height:20px\" aria-hidden=\"true\" class=\"wp-block-spacer\"><\/div>\n\n\n\n<ul class=\"wp-block-list has-custom-mittelblau-color has-text-color has-link-color wp-elements-352b195b66f324f8db8aa3f3132aee67\">\n<li>dies zur Erf\u00fcllung eines Vertrags erforderlich ist (Art. 6 Abs. 1 lit. b DSGVO),<\/li>\n\n\n\n<li>Sie ausdr\u00fccklich eingewilligt haben (Art. 6 Abs. 1 lit. a DSGVO),<\/li>\n\n\n\n<li>eine gesetzliche Verpflichtung besteht (Art. 6 Abs. 1 lit. c DSGVO).<\/li>\n<\/ul>\n\n\n\n<p class=\"has-custom-mittelblau-color has-text-color has-link-color wp-elements-eef5fc80ec20a898a25af0975b5bae23\">Eine \u00dcbermittlung in Drittstaaten au\u00dferhalb der EU findet nicht statt.<\/p>\n\n\n\n<div style=\"height:100px\" aria-hidden=\"true\" class=\"wp-block-spacer\"><\/div>\n\n\n\n<h2 class=\"wp-block-heading has-custom-mittelblau-color has-text-color has-link-color wp-elements-85fc53361d45170165883a49fda7cb88\">9. Datensicherheit<\/h2>\n\n\n\n<div style=\"height:20px\" aria-hidden=\"true\" class=\"wp-block-spacer\"><\/div>\n\n\n\n<p class=\"has-custom-mittelblau-color has-text-color has-link-color wp-elements-1ff7f1e1e031f7c0b65997850c02b1d5\">Wir treffen angemessene technische und organisatorische Ma\u00dfnahmen, um Ihre personenbezogenen Daten vor Verlust, Manipulation oder unbefugtem Zugriff zu sch\u00fctzen.<\/p>\n\n\n\n<div style=\"height:100px\" aria-hidden=\"true\" class=\"wp-block-spacer\"><\/div>\n\n\n\n<h2 class=\"wp-block-heading has-custom-mittelblau-color has-text-color has-link-color wp-elements-55763e7e13576e610bda34878d8c10bb\">10. Ihre Rechte<\/h2>\n\n\n\n<div style=\"height:20px\" aria-hidden=\"true\" class=\"wp-block-spacer\"><\/div>\n\n\n\n<p class=\"has-custom-mittelblau-color has-text-color has-link-color wp-elements-7efea749d990159c741b12c1646e4680\">Sie haben das Recht auf:<\/p>\n\n\n\n<div style=\"height:20px\" aria-hidden=\"true\" class=\"wp-block-spacer\"><\/div>\n\n\n\n<ul class=\"wp-block-list has-custom-mittelblau-color has-text-color has-link-color wp-elements-d15ec112bd4de8334fcca76edbb5fa43\">\n<li>Auskunft \u00fcber Ihre gespeicherten Daten (Art. 15 DSGVO)<\/li>\n\n\n\n<li>Berichtigung unrichtiger Daten (Art. 16 DSGVO)<\/li>\n\n\n\n<li>L\u00f6schung Ihrer Daten (Art. 17 DSGVO)<\/li>\n\n\n\n<li>Einschr\u00e4nkung der Verarbeitung (Art. 18 DSGVO)<\/li>\n\n\n\n<li>Daten\u00fcbertragbarkeit (Art. 20 DSGVO)<\/li>\n\n\n\n<li>Widerspruch gegen die Verarbeitung (Art. 21 DSGVO)<\/li>\n<\/ul>\n\n\n\n<div style=\"height:20px\" aria-hidden=\"true\" class=\"wp-block-spacer\"><\/div>\n\n\n\n<p class=\"has-custom-mittelblau-color has-text-color has-link-color wp-elements-9c536a736075c343b97a20ae57893fca\">Zur Aus\u00fcbung Ihrer Rechte gen\u00fcgt eine formlose Mitteilung an:<br><a href=\"mailto:info@bgl-jobs.de\" data-type=\"mailto\" data-id=\"mailto:info@bgl-jobs.de\">info@bgl-jobs.de<\/a><\/p>\n\n\n\n<div style=\"height:100px\" aria-hidden=\"true\" class=\"wp-block-spacer\"><\/div>\n\n\n\n<h2 class=\"wp-block-heading has-custom-mittelblau-color has-text-color has-link-color wp-elements-58062752610153e170c33e5345b119d3\">11. Beschwerderecht bei der Aufsichtsbeh\u00f6rde<\/h2>\n\n\n\n<div style=\"height:20px\" aria-hidden=\"true\" class=\"wp-block-spacer\"><\/div>\n\n\n\n<p class=\"has-custom-mittelblau-color has-text-color has-link-color wp-elements-8225ef940c786f09f52dc3c14bbb6f92\">Sie haben das Recht, sich bei einer Datenschutzaufsichtsbeh\u00f6rde zu beschweren, wenn Sie der Ansicht sind, dass die Verarbeitung Ihrer personenbezogenen Daten rechtswidrig erfolgt.<\/p>\n\n\n\n<div style=\"height:20px\" aria-hidden=\"true\" class=\"wp-block-spacer\"><\/div>\n\n\n\n<p class=\"has-custom-mittelblau-color has-text-color has-link-color wp-elements-0821b4f1530d30fdb9c2fcfb5fcdfd6b\">Zust\u00e4ndige Aufsichtsbeh\u00f6rde f\u00fcr Bayern ist:<br>Bayerisches Landesamt f\u00fcr Datenschutzaufsicht (BayLDA)<\/p>\n\n\n\n<div style=\"height:100px\" aria-hidden=\"true\" class=\"wp-block-spacer\"><\/div>\n\n\n\n<h2 class=\"wp-block-heading has-custom-mittelblau-color has-text-color has-link-color wp-elements-9783eb0916419217f93697b029fc476a\">12. Aktualit\u00e4t und \u00c4nderung dieser Datenschutzerkl\u00e4rung<\/h2>\n\n\n\n<div style=\"height:20px\" aria-hidden=\"true\" class=\"wp-block-spacer\"><\/div>\n\n\n\n<p class=\"has-custom-mittelblau-color has-text-color has-link-color wp-elements-3fde14985f39ed53b78c57d9239f8f0e\">Diese Datenschutzerkl\u00e4rung ist aktuell g\u00fcltig und hat den Stand April 2026. Wir behalten uns vor, sie bei Bedarf anzupassen.<\/p>\n\n\n\n<div style=\"height:120px\" aria-hidden=\"true\" class=\"wp-block-spacer\"><\/div>\n","protected":false},"excerpt":{"rendered":"<p>Datenschutzerkl\u00e4rung 1. Verantwortlicher Verantwortlich f\u00fcr die Datenverarbeitung auf dieser Website ist: Markus Gra\u00dfmannMaximilianstra\u00dfe 24DE-83471 BerchtesgadenDeutschland Telefon: +49 (0)8651 \/ 717329E-Mail:\u00a0info@bgl-jobs.de 2. Allgemeine Hinweise zur Datenverarbeitung Der Schutz Ihrer personenbezogenen Daten ist uns ein besonderes Anliegen. Wir verarbeiten Ihre personenbezogenen Datenausschlie\u00dflich im Einklang mit den gesetzlichen Bestimmungen der Datenschutz-Grundverordnung (DSGVO) und des Bundesdatenschutzgesetzes (BDSG). Personenbezogene Daten [&hellip;]<\/p>\n","protected":false},"author":1,"featured_media":0,"parent":0,"menu_order":0,"comment_status":"closed","ping_status":"closed","template":"","meta":{"footnotes":""},"class_list":["post-285","page","type-page","status-publish","hentry"],"_links":{"self":[{"href":"https:\/\/bgl-jobs.de\/index.php?rest_route=\/wp\/v2\/pages\/285","targetHints":{"allow":["GET"]}}],"collection":[{"href":"https:\/\/bgl-jobs.de\/index.php?rest_route=\/wp\/v2\/pages"}],"about":[{"href":"https:\/\/bgl-jobs.de\/index.php?rest_route=\/wp\/v2\/types\/page"}],"author":[{"embeddable":true,"href":"https:\/\/bgl-jobs.de\/index.php?rest_route=\/wp\/v2\/users\/1"}],"replies":[{"embeddable":true,"href":"https:\/\/bgl-jobs.de\/index.php?rest_route=%2Fwp%2Fv2%2Fcomments&post=285"}],"version-history":[{"count":10,"href":"https:\/\/bgl-jobs.de\/index.php?rest_route=\/wp\/v2\/pages\/285\/revisions"}],"predecessor-version":[{"id":310,"href":"https:\/\/bgl-jobs.de\/index.php?rest_route=\/wp\/v2\/pages\/285\/revisions\/310"}],"wp:attachment":[{"href":"https:\/\/bgl-jobs.de\/index.php?rest_route=%2Fwp%2Fv2%2Fmedia&parent=285"}],"curies":[{"name":"wp","href":"https:\/\/api.w.org\/{rel}","templated":true}]}}